{"id":701,"date":"2018-12-17T17:16:36","date_gmt":"2018-12-17T16:16:36","guid":{"rendered":"http:\/\/centergranvia.com\/?page_id=701"},"modified":"2019-05-14T18:44:05","modified_gmt":"2019-05-14T17:44:05","slug":"como-llegar","status":"publish","type":"page","link":"https:\/\/centergranvia.com\/it\/como-llegar\/","title":{"rendered":"Como llegar"},"content":{"rendered":"<p>[vc_row row_height_percent=&#8221;35&#8243; override_padding=&#8221;yes&#8221; h_padding=&#8221;0&#8243; top_padding=&#8221;2&#8243; bottom_padding=&#8221;0&#8243; back_image=&#8221;350&#8243; back_position=&#8221;center center&#8221; overlay_alpha=&#8221;50&#8243; gutter_size=&#8221;3&#8243; column_width_percent=&#8221;100&#8243; shift_y=&#8221;0&#8243; z_index=&#8221;0&#8243; el_class=&#8221;ancho-tit-pag pag-int&#8221; row_height_pixel=&#8221;500&#8243;][vc_column column_width_percent=&#8221;60&#8243; position_horizontal=&#8221;left&#8221; position_vertical=&#8221;bottom&#8221; style=&#8221;light&#8221; back_color=&#8221;color-blanco&#8221; overlay_alpha=&#8221;50&#8243; gutter_size=&#8221;3&#8243; align_medium=&#8221;align_center_tablet&#8221; medium_width=&#8221;0&#8243; align_mobile=&#8221;align_center_mobile&#8221; mobile_width=&#8221;0&#8243; shift_x=&#8221;0&#8243; shift_y=&#8221;0&#8243; shift_y_down=&#8221;0&#8243; z_index=&#8221;0&#8243; radius=&#8221;sm&#8221; width=&#8221;1\/1&#8243; css=&#8221;.vc_custom_1544782334080{border-left-width: 0px !important;}&#8221; el_class=&#8221;tit-pagina&#8221;][vc_row_inner row_inner_height_percent=&#8221;0&#8243; overlay_alpha=&#8221;50&#8243; gutter_size=&#8221;2&#8243; shift_y=&#8221;0&#8243; z_index=&#8221;0&#8243;][vc_column_inner column_width_percent=&#8221;100&#8243; gutter_size=&#8221;2&#8243; overlay_alpha=&#8221;50&#8243; medium_width=&#8221;5&#8243; mobile_width=&#8221;7&#8243; shift_x=&#8221;0&#8243; shift_y=&#8221;0&#8243; shift_y_down=&#8221;0&#8243; z_index=&#8221;0&#8243; width=&#8221;2\/3&#8243;][vc_custom_heading heading_semantic=&#8221;h3&#8243; text_size=&#8221;fontsize-subtitulos&#8221; text_space=&#8221;fontspace-subtitulos&#8221; text_font=&#8221;font-opensans&#8221; text_transform=&#8221;uppercase&#8221; text_color=&#8221;color-rojo&#8221;]<span class=\"num-secc\">00<\/span> COME ARRIVARE[\/vc_custom_heading][vc_custom_heading heading_semantic=&#8221;h1&#8243; text_size=&#8221;fontsize-titulos&#8221; text_height=&#8221;fontheight-titulos&#8221; text_space=&#8221;fontspace-titulos&#8221; text_font=&#8221;font-muli&#8221; text_weight=&#8221;200&#8243; text_color=&#8221;color-negro&#8221;]Trovaci ovunque[\/vc_custom_heading][\/vc_column_inner][vc_column_inner column_width_percent=&#8221;100&#8243; position_horizontal=&#8221;right&#8221; position_vertical=&#8221;bottom&#8221; align_horizontal=&#8221;align_right&#8221; gutter_size=&#8221;2&#8243; overlay_alpha=&#8221;50&#8243; medium_width=&#8221;3&#8243; align_mobile=&#8221;align_left_mobile&#8221; mobile_width=&#8221;7&#8243; shift_x=&#8221;0&#8243; shift_y=&#8221;0&#8243; shift_y_down=&#8221;0&#8243; z_index=&#8221;0&#8243; width=&#8221;1\/3&#8243;][vc_column_text el_class=&#8221;p-small&#8221;]Goditi la tua visita[\/vc_column_text][vc_button button_color=&#8221;color-rojo&#8221; border_width=&#8221;0&#8243; link=&#8221;url:https%3A%2F%2Fwubook.net%2Fwbkd%2Fwbk%2F%3Flcode%3D1361561217%26__utma%3D96884889.1742748683.1380817751.1383563733.1383568623.6%26__utmb%3D96884889.1.10.1383568623%26__utmc%3D96884889%26__utmx%3D-%26__utmz%3D96884889.1380817751.1.1.utmcsr%3D%2528direct%2529%7Cutmccn%3D%2528direct%2529%7Cutmcmd%3D%2528none%2529%26_||target:%20_blank|&#8221;]Prenotare[\/vc_button][\/vc_column_inner][\/vc_row_inner][\/vc_column][\/vc_row][vc_row row_height_percent=&#8221;0&#8243; override_padding=&#8221;yes&#8221; h_padding=&#8221;2&#8243; top_padding=&#8221;6&#8243; bottom_padding=&#8221;6&#8243; overlay_alpha=&#8221;50&#8243; gutter_size=&#8221;3&#8243; column_width_percent=&#8221;100&#8243; shift_y=&#8221;0&#8243; z_index=&#8221;0&#8243;][vc_column column_width_percent=&#8221;80&#8243; position_vertical=&#8221;middle&#8221; align_horizontal=&#8221;align_center&#8221; overlay_alpha=&#8221;50&#8243; gutter_size=&#8221;2&#8243; medium_width=&#8221;0&#8243; mobile_width=&#8221;0&#8243; shift_x=&#8221;0&#8243; shift_y=&#8221;0&#8243; shift_y_down=&#8221;0&#8243; z_index=&#8221;0&#8243; width=&#8221;1\/1&#8243;][vc_custom_heading heading_semantic=&#8221;h3&#8243; text_size=&#8221;fontsize-subtitulos&#8221; text_space=&#8221;fontspace-subtitulos&#8221; text_font=&#8221;font-opensans&#8221; text_transform=&#8221;uppercase&#8221; text_color=&#8221;color-rojo&#8221;]<span class=\"num-secc\">01<\/span> TROVACI[\/vc_custom_heading][vc_custom_heading text_size=&#8221;fontsize-titulos&#8221; text_height=&#8221;fontheight-titulos&#8221; text_space=&#8221;fontspace-titulos&#8221; text_font=&#8221;font-muli&#8221; text_weight=&#8221;200&#8243; text_color=&#8221;color-negro&#8221;]Ti spiegamo come incontrarci. Si hai dei dubbi, chiamaci.[\/vc_custom_heading][vc_empty_space empty_h=&#8221;3&#8243;][vc_row_inner row_inner_height_percent=&#8221;0&#8243; overlay_alpha=&#8221;50&#8243; gutter_size=&#8221;3&#8243; shift_y=&#8221;0&#8243; z_index=&#8221;0&#8243; el_class=&#8221;comollegar-info&#8221;][vc_column_inner column_width_percent=&#8221;100&#8243; align_horizontal=&#8221;align_center&#8221; gutter_size=&#8221;3&#8243; overlay_alpha=&#8221;50&#8243; medium_width=&#8221;0&#8243; mobile_width=&#8221;0&#8243; shift_x=&#8221;0&#8243; shift_y=&#8221;0&#8243; shift_y_down=&#8221;0&#8243; z_index=&#8221;0&#8243; width=&#8221;1\/3&#8243; link_to=&#8221;url:https%3A%2F%2Fgoo.gl%2Fmaps%2Ferp1QrggHR52||target:%20_blank|&#8221;][vc_icon icon=&#8221;fa fa-home&#8221; icon_color=&#8221;color-negro&#8221; size=&#8221;fa-2x&#8221; link=&#8221;url:https%3A%2F%2Fgoo.gl%2Fmaps%2Ferp1QrggHR52||target:%20_blank|&#8221;]Gran Via Corts Catalanes, 573<br \/>\nPiso Principal (Primer nivel)[\/vc_icon][\/vc_column_inner][vc_column_inner column_width_percent=&#8221;100&#8243; align_horizontal=&#8221;align_center&#8221; gutter_size=&#8221;3&#8243; overlay_alpha=&#8221;50&#8243; medium_width=&#8221;0&#8243; mobile_width=&#8221;0&#8243; shift_x=&#8221;0&#8243; shift_y=&#8221;0&#8243; shift_y_down=&#8221;0&#8243; z_index=&#8221;0&#8243; width=&#8221;1\/3&#8243; link_to=&#8221;url:tel%3A%2F%2F%2B34934512898|||&#8221;][vc_icon icon=&#8221;fa fa-phone3&#8243; icon_color=&#8221;color-negro&#8221; size=&#8221;fa-2x&#8221; link=&#8221;url:tel%3A%2F%2F%2B34934512898|||&#8221;]+34 93 451 28 98[\/vc_icon][\/vc_column_inner][vc_column_inner column_width_percent=&#8221;100&#8243; align_horizontal=&#8221;align_center&#8221; gutter_size=&#8221;3&#8243; overlay_alpha=&#8221;50&#8243; medium_width=&#8221;0&#8243; mobile_width=&#8221;0&#8243; shift_x=&#8221;0&#8243; shift_y=&#8221;0&#8243; shift_y_down=&#8221;0&#8243; z_index=&#8221;0&#8243; width=&#8221;1\/3&#8243; link_to=&#8221;url:mailto%3Ainfo%40centergranvia.com|||&#8221;][vc_icon icon=&#8221;fa fa-envelope&#8221; icon_color=&#8221;color-negro&#8221; size=&#8221;fa-2x&#8221; link=&#8221;url:mailto%3Ainfo%40centergranvia.com|||&#8221;]bcncenter@gmail.com[\/vc_icon][\/vc_column_inner][\/vc_row_inner][\/vc_column][\/vc_row][vc_row row_height_percent=&#8221;0&#8243; override_padding=&#8221;yes&#8221; h_padding=&#8221;2&#8243; top_padding=&#8221;6&#8243; bottom_padding=&#8221;6&#8243; back_color=&#8221;color-grisfondo&#8221; overlay_alpha=&#8221;50&#8243; gutter_size=&#8221;4&#8243; column_width_percent=&#8221;100&#8243; shift_y=&#8221;0&#8243; z_index=&#8221;0&#8243;][vc_column column_width_percent=&#8221;100&#8243; overlay_alpha=&#8221;50&#8243; gutter_size=&#8221;2&#8243; medium_width=&#8221;0&#8243; align_mobile=&#8221;align_center_mobile&#8221; mobile_width=&#8221;0&#8243; shift_x=&#8221;0&#8243; shift_y=&#8221;0&#8243; shift_y_down=&#8221;0&#8243; z_index=&#8221;0&#8243; width=&#8221;1\/2&#8243;][vc_custom_heading heading_semantic=&#8221;h3&#8243; text_size=&#8221;fontsize-subtitulos&#8221; text_space=&#8221;fontspace-subtitulos&#8221; text_font=&#8221;font-opensans&#8221; text_transform=&#8221;uppercase&#8221; text_color=&#8221;color-rojo&#8221;]<span class=\"num-secc\">02<\/span> Hotel Center Gran V\u00eda[\/vc_custom_heading][vc_custom_heading text_size=&#8221;fontsize-titulos&#8221; text_height=&#8221;fontheight-titulos&#8221; text_space=&#8221;fontspace-titulos&#8221; text_font=&#8221;font-muli&#8221; text_weight=&#8221;200&#8243; text_color=&#8221;color-negro&#8221;]Comfort e vicinanza[\/vc_custom_heading][vc_empty_space empty_h=&#8221;1&#8243;][vc_column_text el_class=&#8221;p-small&#8221;]L&#8217;Hotel Center Gran Via di Barcellona a diversi tipi di camere completamente attrezzate ed \u00e8 situato in posizione strategica nel famoso quartiere dell&#8217;Eixample, proprio nel centro di Barcellona.<\/p>\n<p>Siamo a pochi minuti da Casa Batll\u00f3 e Casa Mil\u00e1 de Gaudi., Palazzo della Musica Catalana, Quartiere Gotico di Plaza de Catalu\u00f1a e Las Ramblas.<\/p>\n<p>I visitatori del nostro Hotel a Barcellona sono alla ricerca di uno spazio confortevole vicino a tutti i luoghi di interesse turistico a Barcellona.<\/p>\n<p>L&#8217;ospite dell&#8217;Hotel Center Granvia ha la nostra completa attenzione e aiuto per pianificare il tuo giro della citt\u00e0. Lo staff dell&#8217;hotel vi informer\u00e0 con gentilezza e in diverse lingue.<\/p>\n<p>Parliamo spagnolo, inglese, francese e italiano.[\/vc_column_text][vc_empty_space empty_h=&#8221;2&#8243;][vc_single_image media=&#8221;828&#8243; media_width_percent=&#8221;100&#8243; el_class=&#8221;mapa-comollegar&#8221;][\/vc_column][vc_column column_width_percent=&#8221;100&#8243; overlay_alpha=&#8221;50&#8243; gutter_size=&#8221;3&#8243; medium_width=&#8221;0&#8243; mobile_width=&#8221;0&#8243; shift_x=&#8221;0&#8243; shift_y=&#8221;0&#8243; shift_y_down=&#8221;0&#8243; z_index=&#8221;0&#8243; width=&#8221;1\/2&#8243; el_class=&#8221;dest-comollegar&#8221;][vc_icon icon_image=&#8221;158&#8243; text_size=&#8221;fontsize-titdesthab&#8221; text_font=&#8221;font-muli&#8221; title=&#8221;Dall\u2019Aereoporto Barcelona \u2013 El Prat&#8221; el_class=&#8221;box-shadow-comollegar&#8221;]Il modo pi\u00f9 comodo per raggiungerci dall&#8217;aeroporto &#8220;El Prat&#8221; di Barcellona \u00e8 con Aerob\u00fas (T1 \/ o T2). \u00c8 il servizio di bus navetta ufficiale che collega l&#8217;aeroporto con il centro citt\u00e0. Con partenze ogni 5 minuti, tutti i giorni dell&#8217;anno. Gli autobus sono blu chiaro. Il viaggio dura circa 30\/40 minuti.<\/p>\n<p>Devi scendere alla terza fermata, in &#8220;Plaza Universitat&#8221;. Una volta arrivati, attraversate la &#8220;Gran Via&#8221; e tornate indietro di una decina di metri fino a raggiungere l&#8217;hotel, poco prima di raggiungere la strada &#8220;Muntaner&#8221;.[\/vc_icon][vc_icon icon_image=&#8221;378&#8243; text_size=&#8221;fontsize-titdesthab&#8221; text_font=&#8221;font-muli&#8221; title=&#8221;Dalla Stazione del Nord (Stazione dei bus)&#8221; el_class=&#8221;box-shadow-comollegar&#8221;]Puoi comodamente arrivare al nostro hotel con la metropolitana. Quando lasci la stazione, gira a sinistra e attraversa la piazza poco prima di arrivare all &#8216;&#8221;Arc de Triomf&#8221;. L\u00ec vedrai la stazione della metropolitana &#8220;Arc de Triomf&#8221;. Prendi la linea L1 (quella rossa) in &#8220;Universitat&#8221;.<\/p>\n<p>Se preferisci prendere l&#8217;autobus, di fronte all&#8217;uscita della stazione troverai la fermata dell&#8217;autobus 54 che ti lascer\u00e0 in &#8220;Aribau-Gran Via&#8221;, pochi metri prima di raggiungerci.[\/vc_icon][vc_icon icon_image=&#8221;379&#8243; text_size=&#8221;fontsize-titdesthab&#8221; text_font=&#8221;font-muli&#8221; title=&#8221;Dalla Estaci\u00f3n de Sants (Stazione dei treni)&#8221; el_class=&#8221;box-shadow-comollegar&#8221;]Se arrivi in treno, nella stessa stazione puoi prendere la metropolitana (L3, linea verde) fino alla stazione &#8220;Paral\u00b7lel&#8221;. Una volta arrivato a &#8220;Paral\u00b7lel&#8221;, dovrai passare alla linea L2 (quella viola) alla stazione &#8220;Universitat&#8221;.[\/vc_icon][\/vc_column][\/vc_row][vc_row row_height_percent=&#8221;0&#8243; overlay_alpha=&#8221;50&#8243; gutter_size=&#8221;3&#8243; column_width_percent=&#8221;100&#8243; shift_y=&#8221;0&#8243; z_index=&#8221;0&#8243;][vc_column width=&#8221;1\/1&#8243;][uncode_block id=&#8221;655&#8243;][\/vc_column][\/vc_row]<\/p>\n","protected":false},"excerpt":{"rendered":"<p>[vc_row row_height_percent=&#8221;35&#8243; override_padding=&#8221;yes&#8221; h_padding=&#8221;0&#8243; top_padding=&#8221;2&#8243; bottom_padding=&#8221;0&#8243; back_image=&#8221;350&#8243; back_position=&#8221;center center&#8221; overlay_alpha=&#8221;50&#8243; gutter_size=&#8221;3&#8243; column_width_percent=&#8221;100&#8243; shift_y=&#8221;0&#8243; z_index=&#8221;0&#8243; el_class=&#8221;ancho-tit-pag pag-int&#8221; row_height_pixel=&#8221;500&#8243;][vc_column column_width_percent=&#8221;60&#8243; position_horizontal=&#8221;left&#8221; position_vertical=&#8221;bottom&#8221; [&hellip;]<\/p>\n","protected":false},"author":1,"featured_media":0,"parent":0,"menu_order":6,"comment_status":"closed","ping_status":"closed","template":"","meta":[],"_links":{"self":[{"href":"https:\/\/centergranvia.com\/it\/wp-json\/wp\/v2\/pages\/701"}],"collection":[{"href":"https:\/\/centergranvia.com\/it\/wp-json\/wp\/v2\/pages"}],"about":[{"href":"https:\/\/centergranvia.com\/it\/wp-json\/wp\/v2\/types\/page"}],"author":[{"embeddable":true,"href":"https:\/\/centergranvia.com\/it\/wp-json\/wp\/v2\/users\/1"}],"replies":[{"embeddable":true,"href":"https:\/\/centergranvia.com\/it\/wp-json\/wp\/v2\/comments?post=701"}],"version-history":[{"count":5,"href":"https:\/\/centergranvia.com\/it\/wp-json\/wp\/v2\/pages\/701\/revisions"}],"predecessor-version":[{"id":1172,"href":"https:\/\/centergranvia.com\/it\/wp-json\/wp\/v2\/pages\/701\/revisions\/1172"}],"wp:attachment":[{"href":"https:\/\/centergranvia.com\/it\/wp-json\/wp\/v2\/media?parent=701"}],"curies":[{"name":"wp","href":"https:\/\/api.w.org\/{rel}","templated":true}]}}