{"id":699,"date":"2018-12-17T17:07:11","date_gmt":"2018-12-17T16:07:11","guid":{"rendered":"http:\/\/centergranvia.com\/?page_id=699"},"modified":"2019-01-22T16:35:45","modified_gmt":"2019-01-22T15:35:45","slug":"turismo","status":"publish","type":"page","link":"https:\/\/centergranvia.com\/it\/turismo\/","title":{"rendered":"Turismo"},"content":{"rendered":"<p>[vc_row row_height_percent=&#8221;35&#8243; override_padding=&#8221;yes&#8221; h_padding=&#8221;0&#8243; top_padding=&#8221;2&#8243; bottom_padding=&#8221;0&#8243; back_image=&#8221;386&#8243; back_position=&#8221;center center&#8221; overlay_alpha=&#8221;50&#8243; gutter_size=&#8221;3&#8243; column_width_percent=&#8221;100&#8243; shift_y=&#8221;0&#8243; z_index=&#8221;0&#8243; el_class=&#8221;ancho-tit-pag pag-int&#8221; row_height_pixel=&#8221;500&#8243;][vc_column column_width_percent=&#8221;60&#8243; position_horizontal=&#8221;left&#8221; position_vertical=&#8221;bottom&#8221; style=&#8221;light&#8221; back_color=&#8221;color-blanco&#8221; overlay_alpha=&#8221;50&#8243; gutter_size=&#8221;3&#8243; align_medium=&#8221;align_center_tablet&#8221; medium_width=&#8221;0&#8243; align_mobile=&#8221;align_center_mobile&#8221; mobile_width=&#8221;0&#8243; shift_x=&#8221;0&#8243; shift_y=&#8221;0&#8243; shift_y_down=&#8221;0&#8243; z_index=&#8221;0&#8243; radius=&#8221;sm&#8221; width=&#8221;1\/1&#8243; css=&#8221;.vc_custom_1544782334080{border-left-width: 0px !important;}&#8221; el_class=&#8221;tit-pagina&#8221;][vc_row_inner row_inner_height_percent=&#8221;0&#8243; overlay_alpha=&#8221;50&#8243; gutter_size=&#8221;2&#8243; shift_y=&#8221;0&#8243; z_index=&#8221;0&#8243;][vc_column_inner column_width_percent=&#8221;100&#8243; gutter_size=&#8221;2&#8243; overlay_alpha=&#8221;50&#8243; medium_width=&#8221;5&#8243; mobile_width=&#8221;7&#8243; shift_x=&#8221;0&#8243; shift_y=&#8221;0&#8243; shift_y_down=&#8221;0&#8243; z_index=&#8221;0&#8243; width=&#8221;2\/3&#8243;][vc_custom_heading heading_semantic=&#8221;h3&#8243; text_size=&#8221;fontsize-subtitulos&#8221; text_space=&#8221;fontspace-subtitulos&#8221; text_font=&#8221;font-opensans&#8221; text_transform=&#8221;uppercase&#8221; text_color=&#8221;color-rojo&#8221;]<span class=\"num-secc\">00<\/span> Turismo[\/vc_custom_heading][vc_custom_heading heading_semantic=&#8221;h1&#8243; text_size=&#8221;fontsize-titulos&#8221; text_height=&#8221;fontheight-titulos&#8221; text_space=&#8221;fontspace-titulos&#8221; text_font=&#8221;font-muli&#8221; text_weight=&#8221;200&#8243; text_color=&#8221;color-negro&#8221;]Conoscere meglio Barcellona[\/vc_custom_heading][\/vc_column_inner][vc_column_inner column_width_percent=&#8221;100&#8243; position_horizontal=&#8221;right&#8221; position_vertical=&#8221;bottom&#8221; align_horizontal=&#8221;align_right&#8221; gutter_size=&#8221;2&#8243; overlay_alpha=&#8221;50&#8243; medium_width=&#8221;3&#8243; align_mobile=&#8221;align_left_mobile&#8221; mobile_width=&#8221;7&#8243; shift_x=&#8221;0&#8243; shift_y=&#8221;0&#8243; shift_y_down=&#8221;0&#8243; z_index=&#8221;0&#8243; width=&#8221;1\/3&#8243;][vc_column_text el_class=&#8221;p-small&#8221;]Goditi la tua visita[\/vc_column_text][vc_button button_color=&#8221;color-rojo&#8221; border_width=&#8221;0&#8243; link=&#8221;url:https%3A%2F%2Fwubook.net%2Fwbkd%2Fwbk%2F%3Flcode%3D1361561217%26__utma%3D96884889.1742748683.1380817751.1383563733.1383568623.6%26__utmb%3D96884889.1.10.1383568623%26__utmc%3D96884889%26__utmx%3D-%26__utmz%3D96884889.1380817751.1.1.utmcsr%3D%2528direct%2529%7Cutmccn%3D%2528direct%2529%7Cutmcmd%3D%2528none%2529%26_||target:%20_blank|&#8221;]Prenotare[\/vc_button][\/vc_column_inner][\/vc_row_inner][\/vc_column][\/vc_row][vc_row row_height_percent=&#8221;0&#8243; override_padding=&#8221;yes&#8221; h_padding=&#8221;2&#8243; top_padding=&#8221;6&#8243; bottom_padding=&#8221;6&#8243; overlay_alpha=&#8221;50&#8243; gutter_size=&#8221;3&#8243; column_width_percent=&#8221;100&#8243; shift_y=&#8221;0&#8243; z_index=&#8221;0&#8243;][vc_column column_width_percent=&#8221;80&#8243; position_vertical=&#8221;middle&#8221; align_horizontal=&#8221;align_center&#8221; overlay_alpha=&#8221;50&#8243; gutter_size=&#8221;2&#8243; medium_width=&#8221;0&#8243; mobile_width=&#8221;0&#8243; shift_x=&#8221;0&#8243; shift_y=&#8221;0&#8243; shift_y_down=&#8221;0&#8243; z_index=&#8221;0&#8243; width=&#8221;1\/1&#8243;][vc_custom_heading heading_semantic=&#8221;h3&#8243; text_size=&#8221;fontsize-subtitulos&#8221; text_space=&#8221;fontspace-subtitulos&#8221; text_font=&#8221;font-opensans&#8221; text_transform=&#8221;uppercase&#8221; text_color=&#8221;color-rojo&#8221;]<span class=\"num-secc\">01<\/span> TI ASPETTIAMO[\/vc_custom_heading][vc_custom_heading text_size=&#8221;fontsize-titulos&#8221; text_height=&#8221;fontheight-titulos&#8221; text_space=&#8221;fontspace-titulos&#8221; text_font=&#8221;font-muli&#8221; text_weight=&#8221;200&#8243; text_color=&#8221;color-negro&#8221;]Vieni in ferie a Barcellona e soggiorna nell\u2019Hotel Center Gran Via[\/vc_custom_heading][\/vc_column][\/vc_row][vc_row row_height_percent=&#8221;0&#8243; overlay_alpha=&#8221;50&#8243; gutter_size=&#8221;4&#8243; column_width_percent=&#8221;100&#8243; shift_y=&#8221;0&#8243; z_index=&#8221;0&#8243;][vc_column column_width_percent=&#8221;100&#8243; overlay_alpha=&#8221;50&#8243; gutter_size=&#8221;2&#8243; medium_width=&#8221;0&#8243; mobile_width=&#8221;0&#8243; shift_x=&#8221;0&#8243; shift_y=&#8221;0&#8243; shift_y_down=&#8221;0&#8243; z_index=&#8221;0&#8243; width=&#8221;7\/12&#8243;][vc_custom_heading heading_semantic=&#8221;h3&#8243; text_size=&#8221;fontsize-subtitulos&#8221; text_space=&#8221;fontspace-subtitulos&#8221; text_font=&#8221;font-opensans&#8221; text_transform=&#8221;uppercase&#8221; text_color=&#8221;color-rojo&#8221;]<span class=\"num-secc\">02<\/span> CONOSCERE BARCELLONA[\/vc_custom_heading][vc_custom_heading text_size=&#8221;fontsize-titulos&#8221; text_height=&#8221;fontheight-titulos&#8221; text_space=&#8221;fontspace-titulos&#8221; text_font=&#8221;font-muli&#8221; text_weight=&#8221;200&#8243; text_color=&#8221;color-negro&#8221;]Da plaza catalunya[\/vc_custom_heading][vc_empty_space empty_h=&#8221;1&#8243;][vc_column_text el_class=&#8221;p-small&#8221;]Se il tuo turismo a Barcellona \u00e9 da fine settimana nell\u2019Hotel Center Gran Via ti consiglieremo un percorso pianificato perch\u00e9 non ti perda nessun punto di interesse principale. Il centro per eccellenza della citta \u00e9 marcato da Piazza Catalunya (a pochi minuti da noi) non distante dalla quale si incontra, oltre al \u201cCasco Viejo\u201d, la maggior parte dei musei e altri luoghi di interesse storico della citt\u00e1.[\/vc_column_text][vc_empty_space empty_h=&#8221;2&#8243;][vc_custom_heading heading_semantic=&#8221;h3&#8243; text_size=&#8221;fontsize-subtitulos&#8221; text_space=&#8221;fontspace-subtitulos&#8221; text_font=&#8221;font-opensans&#8221; text_transform=&#8221;uppercase&#8221; text_color=&#8221;color-rojo&#8221;]<span class=\"num-secc\">03<\/span> CONOSCERE BARCELLONA[\/vc_custom_heading][vc_custom_heading text_size=&#8221;fontsize-titulos&#8221; text_height=&#8221;fontheight-titulos&#8221; text_space=&#8221;fontspace-titulos&#8221; text_font=&#8221;font-muli&#8221; text_weight=&#8221;200&#8243; text_color=&#8221;color-negro&#8221;]Dalla Rambla[\/vc_custom_heading][vc_empty_space empty_h=&#8221;1&#8243;][vc_column_text el_class=&#8221;p-small&#8221;]La famosa Rambla \u00e9 un altro dei punti chiave per il visitante a Barcellona, essa si snoda dalla stessa Piazza Catalunya fino alla statua di Colombo, vicino al porto. Ad est della Rambla si situa il bello e romantico \u201cBarrio Gotico\u201d mentre ad ovest si trova il \u201cBarrio del Raval\u201d. Dalla statua di Colombo verso est il Passeig Maritim attraversa il Moll de la Fusta e il Port Vell; la pittoresca area della Barceloneta ci accompagna fino al Porto Olimpico. Verso ovest, il Paral.lel ci porta a Piazza di Spagna alle spalle della quale si innalza il Montjuic, uno dei principali parchi della citt\u00e1, mentre la montagna del Tibidabo marca il limite nord della citta. La conosciuta Avenida Diagonal \u00e9 un altro importante punto di riferimento che attraversa diagonalmente tutta la citt\u00e1.<\/p>\n<p>Tra Piazza Catalunya e la Diagonal incontriamo praticamente tutto l\u2019Eixample barcellonese, nato dal \u201cPla Cerd\u00e1\u201d, il cui obiettivo era unire il centro di Barcellona con le popolazioni vicine che oggigiorno formano parte della citt\u00e1 stessa. Gr\u00e0cia, les Corts, Sarri\u00e0-Sant Gervasi etc hanno saputo, negli anni, salvaguardare la propia identita storico culturale. Questo congiunto quadricolato di \u201cmanzanas\u201d (isolati), l\u2019Eixample, ha come arteria principale il Passeig de Gr\u00e0cia dove si trovano i principali edifici modernisti della citt\u00e1, ad esempio la popolare Casa Batl\u00f2 e la Casa Mil\u00e1 (la Pedrera) de Gaud\u00ed.[\/vc_column_text][\/vc_column][vc_column width=&#8221;5\/12&#8243;][vc_single_image media=&#8221;1001&#8243; media_width_percent=&#8221;100&#8243; el_class=&#8221;mapa-turismo&#8221;][vc_column_text el_class=&#8221;dest-box-turismo&#8221;]<strong>Altri punti importanti sono:<\/strong><\/p>\n<p>La Sagrada Familia, il Park Guell, il \u201cBarri de la Ribera\u201d ed il Camp Nou.<\/p>\n<p>Oltre a queste attrazioni, Barcellona dispone di 5 km di spaggia libera con servizi, doccia etc divisa in vari tratti lungo la citt\u00e1 e che si possono comodamente raggiungere grazie ad un efficiente trasporto pubblico.[\/vc_column_text][\/vc_column][\/vc_row][vc_row][vc_column width=&#8221;1\/1&#8243;][vc_empty_space empty_h=&#8221;2&#8243;][\/vc_column][\/vc_row][vc_row row_height_percent=&#8221;0&#8243; overlay_alpha=&#8221;50&#8243; gutter_size=&#8221;3&#8243; column_width_percent=&#8221;100&#8243; shift_y=&#8221;0&#8243; z_index=&#8221;0&#8243;][vc_column width=&#8221;1\/1&#8243;][uncode_block id=&#8221;655&#8243;][\/vc_column][\/vc_row]<\/p>\n","protected":false},"excerpt":{"rendered":"<p>[vc_row row_height_percent=&#8221;35&#8243; override_padding=&#8221;yes&#8221; h_padding=&#8221;0&#8243; top_padding=&#8221;2&#8243; bottom_padding=&#8221;0&#8243; back_image=&#8221;386&#8243; back_position=&#8221;center center&#8221; overlay_alpha=&#8221;50&#8243; gutter_size=&#8221;3&#8243; column_width_percent=&#8221;100&#8243; shift_y=&#8221;0&#8243; z_index=&#8221;0&#8243; el_class=&#8221;ancho-tit-pag pag-int&#8221; row_height_pixel=&#8221;500&#8243;][vc_column column_width_percent=&#8221;60&#8243; position_horizontal=&#8221;left&#8221; position_vertical=&#8221;bottom&#8221; [&hellip;]<\/p>\n","protected":false},"author":1,"featured_media":0,"parent":0,"menu_order":5,"comment_status":"closed","ping_status":"closed","template":"","meta":[],"_links":{"self":[{"href":"https:\/\/centergranvia.com\/it\/wp-json\/wp\/v2\/pages\/699"}],"collection":[{"href":"https:\/\/centergranvia.com\/it\/wp-json\/wp\/v2\/pages"}],"about":[{"href":"https:\/\/centergranvia.com\/it\/wp-json\/wp\/v2\/types\/page"}],"author":[{"embeddable":true,"href":"https:\/\/centergranvia.com\/it\/wp-json\/wp\/v2\/users\/1"}],"replies":[{"embeddable":true,"href":"https:\/\/centergranvia.com\/it\/wp-json\/wp\/v2\/comments?post=699"}],"version-history":[{"count":0,"href":"https:\/\/centergranvia.com\/it\/wp-json\/wp\/v2\/pages\/699\/revisions"}],"wp:attachment":[{"href":"https:\/\/centergranvia.com\/it\/wp-json\/wp\/v2\/media?parent=699"}],"curies":[{"name":"wp","href":"https:\/\/api.w.org\/{rel}","templated":true}]}}