{"id":675,"date":"2018-12-17T15:44:14","date_gmt":"2018-12-17T14:44:14","guid":{"rendered":"http:\/\/centergranvia.com\/?page_id=675"},"modified":"2019-01-22T16:35:22","modified_gmt":"2019-01-22T15:35:22","slug":"turismo","status":"publish","type":"page","link":"https:\/\/centergranvia.com\/en\/turismo\/","title":{"rendered":"Turismo"},"content":{"rendered":"<p>[vc_row row_height_percent=&#8221;35&#8243; override_padding=&#8221;yes&#8221; h_padding=&#8221;0&#8243; top_padding=&#8221;2&#8243; bottom_padding=&#8221;0&#8243; back_image=&#8221;386&#8243; back_position=&#8221;center center&#8221; overlay_alpha=&#8221;50&#8243; gutter_size=&#8221;3&#8243; column_width_percent=&#8221;100&#8243; shift_y=&#8221;0&#8243; z_index=&#8221;0&#8243; el_class=&#8221;ancho-tit-pag pag-int&#8221; row_height_pixel=&#8221;500&#8243;][vc_column column_width_percent=&#8221;60&#8243; position_horizontal=&#8221;left&#8221; position_vertical=&#8221;bottom&#8221; style=&#8221;light&#8221; back_color=&#8221;color-blanco&#8221; overlay_alpha=&#8221;50&#8243; gutter_size=&#8221;3&#8243; align_medium=&#8221;align_center_tablet&#8221; medium_width=&#8221;0&#8243; align_mobile=&#8221;align_center_mobile&#8221; mobile_width=&#8221;0&#8243; shift_x=&#8221;0&#8243; shift_y=&#8221;0&#8243; shift_y_down=&#8221;0&#8243; z_index=&#8221;0&#8243; radius=&#8221;sm&#8221; width=&#8221;1\/1&#8243; css=&#8221;.vc_custom_1544782334080{border-left-width: 0px !important;}&#8221; el_class=&#8221;tit-pagina&#8221;][vc_row_inner row_inner_height_percent=&#8221;0&#8243; overlay_alpha=&#8221;50&#8243; gutter_size=&#8221;2&#8243; shift_y=&#8221;0&#8243; z_index=&#8221;0&#8243;][vc_column_inner column_width_percent=&#8221;100&#8243; gutter_size=&#8221;2&#8243; overlay_alpha=&#8221;50&#8243; medium_width=&#8221;5&#8243; mobile_width=&#8221;7&#8243; shift_x=&#8221;0&#8243; shift_y=&#8221;0&#8243; shift_y_down=&#8221;0&#8243; z_index=&#8221;0&#8243; width=&#8221;2\/3&#8243;][vc_custom_heading heading_semantic=&#8221;h3&#8243; text_size=&#8221;fontsize-subtitulos&#8221; text_space=&#8221;fontspace-subtitulos&#8221; text_font=&#8221;font-opensans&#8221; text_transform=&#8221;uppercase&#8221; text_color=&#8221;color-rojo&#8221;]<span class=\"num-secc\">00<\/span> Tourism[\/vc_custom_heading][vc_custom_heading heading_semantic=&#8221;h1&#8243; text_size=&#8221;fontsize-titulos&#8221; text_height=&#8221;fontheight-titulos&#8221; text_space=&#8221;fontspace-titulos&#8221; text_font=&#8221;font-muli&#8221; text_weight=&#8221;200&#8243; text_color=&#8221;color-negro&#8221;]Get to know Barcelona better[\/vc_custom_heading][\/vc_column_inner][vc_column_inner column_width_percent=&#8221;100&#8243; position_horizontal=&#8221;right&#8221; position_vertical=&#8221;bottom&#8221; align_horizontal=&#8221;align_right&#8221; gutter_size=&#8221;2&#8243; overlay_alpha=&#8221;50&#8243; medium_width=&#8221;3&#8243; align_mobile=&#8221;align_left_mobile&#8221; mobile_width=&#8221;7&#8243; shift_x=&#8221;0&#8243; shift_y=&#8221;0&#8243; shift_y_down=&#8221;0&#8243; z_index=&#8221;0&#8243; width=&#8221;1\/3&#8243;][vc_column_text el_class=&#8221;p-small&#8221;]Enjoy your visit[\/vc_column_text][vc_button button_color=&#8221;color-rojo&#8221; border_width=&#8221;0&#8243; link=&#8221;url:https%3A%2F%2Fwubook.net%2Fwbkd%2Fwbk%2F%3Flcode%3D1361561217%26__utma%3D96884889.1742748683.1380817751.1383563733.1383568623.6%26__utmb%3D96884889.1.10.1383568623%26__utmc%3D96884889%26__utmx%3D-%26__utmz%3D96884889.1380817751.1.1.utmcsr%3D%2528direct%2529%7Cutmccn%3D%2528direct%2529%7Cutmcmd%3D%2528none%2529%26_||target:%20_blank|&#8221;]Booking[\/vc_button][\/vc_column_inner][\/vc_row_inner][\/vc_column][\/vc_row][vc_row row_height_percent=&#8221;0&#8243; override_padding=&#8221;yes&#8221; h_padding=&#8221;2&#8243; top_padding=&#8221;6&#8243; bottom_padding=&#8221;6&#8243; overlay_alpha=&#8221;50&#8243; gutter_size=&#8221;3&#8243; column_width_percent=&#8221;100&#8243; shift_y=&#8221;0&#8243; z_index=&#8221;0&#8243;][vc_column column_width_percent=&#8221;80&#8243; position_vertical=&#8221;middle&#8221; align_horizontal=&#8221;align_center&#8221; overlay_alpha=&#8221;50&#8243; gutter_size=&#8221;2&#8243; medium_width=&#8221;0&#8243; mobile_width=&#8221;0&#8243; shift_x=&#8221;0&#8243; shift_y=&#8221;0&#8243; shift_y_down=&#8221;0&#8243; z_index=&#8221;0&#8243; width=&#8221;1\/1&#8243;][vc_custom_heading heading_semantic=&#8221;h3&#8243; text_size=&#8221;fontsize-subtitulos&#8221; text_space=&#8221;fontspace-subtitulos&#8221; text_font=&#8221;font-opensans&#8221; text_transform=&#8221;uppercase&#8221; text_color=&#8221;color-rojo&#8221;]<span class=\"num-secc\">01<\/span> WE ARE WAITING FOR YOU[\/vc_custom_heading][vc_custom_heading text_size=&#8221;fontsize-titulos&#8221; text_height=&#8221;fontheight-titulos&#8221; text_space=&#8221;fontspace-titulos&#8221; text_font=&#8221;font-muli&#8221; text_weight=&#8221;200&#8243; text_color=&#8221;color-negro&#8221;]Come to visit Barcelona and stay at Hotel Center Gran V\u00eda[\/vc_custom_heading][\/vc_column][\/vc_row][vc_row row_height_percent=&#8221;0&#8243; overlay_alpha=&#8221;50&#8243; gutter_size=&#8221;4&#8243; column_width_percent=&#8221;100&#8243; shift_y=&#8221;0&#8243; z_index=&#8221;0&#8243;][vc_column column_width_percent=&#8221;100&#8243; overlay_alpha=&#8221;50&#8243; gutter_size=&#8221;2&#8243; medium_width=&#8221;0&#8243; mobile_width=&#8221;0&#8243; shift_x=&#8221;0&#8243; shift_y=&#8221;0&#8243; shift_y_down=&#8221;0&#8243; z_index=&#8221;0&#8243; width=&#8221;7\/12&#8243;][vc_custom_heading heading_semantic=&#8221;h3&#8243; text_size=&#8221;fontsize-subtitulos&#8221; text_space=&#8221;fontspace-subtitulos&#8221; text_font=&#8221;font-opensans&#8221; text_transform=&#8221;uppercase&#8221; text_color=&#8221;color-rojo&#8221;]<span class=\"num-secc\">02<\/span> GET TO KNOW BARCELONA[\/vc_custom_heading][vc_custom_heading text_size=&#8221;fontsize-titulos&#8221; text_height=&#8221;fontheight-titulos&#8221; text_space=&#8221;fontspace-titulos&#8221; text_font=&#8221;font-muli&#8221; text_weight=&#8221;200&#8243; text_color=&#8221;color-negro&#8221;]From Plaza Catalunya[\/vc_custom_heading][vc_empty_space empty_h=&#8221;1&#8243;][vc_column_text el_class=&#8221;p-small&#8221;]If your tourism in Barcelona is for a weekend, we can recommend a planned route at Hotel Center Gran Via, so you do not miss any main point of interest. The center par excellence of the city is Pla\u00e7a de Catalunya (we are located a few minutes away) below which is the Casco Viejo and most of the museums and other places of historical interest in the city.[\/vc_column_text][vc_empty_space empty_h=&#8221;2&#8243;][vc_custom_heading heading_semantic=&#8221;h3&#8243; text_size=&#8221;fontsize-subtitulos&#8221; text_space=&#8221;fontspace-subtitulos&#8221; text_font=&#8221;font-opensans&#8221; text_transform=&#8221;uppercase&#8221; text_color=&#8221;color-rojo&#8221;]<span class=\"num-secc\">03<\/span> GET TO KNOW BARCELONA[\/vc_custom_heading][vc_custom_heading text_size=&#8221;fontsize-titulos&#8221; text_height=&#8221;fontheight-titulos&#8221; text_space=&#8221;fontspace-titulos&#8221; text_font=&#8221;font-muli&#8221; text_weight=&#8221;200&#8243; text_color=&#8221;color-negro&#8221;]From Las Ramblas[\/vc_custom_heading][vc_empty_space empty_h=&#8221;1&#8243;][vc_column_text el_class=&#8221;p-small&#8221;]The famous Rambla is another of the points of tourism in Barcelona key for the visitor. It winds from the Pla\u00e7a de Catalunya to the statue of Columbus, next to the port. To the east of the Rambla is the beautiful and romantic Barri G\u00f2tic, while to the west is the Barri del Raval. From the statue of Colom, towards the east, the Passeig Mar\u00edtim crosses the Moll de la Fusta and the Port Vell; the picturesque area of \u200b\u200bBarceloneta leads to Port Ol\u00edmpic. To the west, the Paral.lel takes us to Pla\u00e7a. D&#8217;Espanya, from where Montju\u00efc stands, one of Barcelona&#8217;s main parks. While the Tibidabo mountain, marks the northern limit of the city. The also popular Avenida Diagonal is another important point of reference, since it crosses the entire city diagonally.<\/p>\n<p>Between the Plaza de Catalunya and the Diagonal, we find practically all L&#8217;Eixample of Barcelona, \u200b\u200bemerged from the &#8220;Pla Cerd\u00e0&#8221; and whose objective was to unite the center of Barcelona with the nearby towns, which today are part of Barcelona. The neighborhoods such as Gr\u00e0cia, Les Corts, Sarri\u00e0-Sant Gervasi, etc. have been able to keep their own historical and cultural identity over the years. This square grid of blocks, L&#8217;Eixample, has as its main artery the Passeig de Gr\u00e0cia where you can find the main modernist buildings of the city, such as the popular Casa Batllo and Casa Mil\u00e1 (La Pedrera) by Gaud\u00ed.[\/vc_column_text][\/vc_column][vc_column width=&#8221;5\/12&#8243;][vc_single_image media=&#8221;1001&#8243; media_width_percent=&#8221;100&#8243; el_class=&#8221;mapa-turismo&#8221;][vc_column_text el_class=&#8221;dest-box-turismo&#8221;]<strong>Other important points are: <\/strong><\/p>\n<p>The Sagrada Fam\u00edlia, Park G\u00fcell, Barri de la Ribera and Camp Nou.<\/p>\n<p>In addition to these attractions, Barcelona has 5 km of free beaches with services, showers, etc. divided into different sections throughout the city, to which you can comfortably move by public transport.[\/vc_column_text][\/vc_column][\/vc_row][vc_row][vc_column width=&#8221;1\/1&#8243;][vc_empty_space empty_h=&#8221;2&#8243;][\/vc_column][\/vc_row][vc_row row_height_percent=&#8221;0&#8243; overlay_alpha=&#8221;50&#8243; gutter_size=&#8221;3&#8243; column_width_percent=&#8221;100&#8243; shift_y=&#8221;0&#8243; z_index=&#8221;0&#8243;][vc_column width=&#8221;1\/1&#8243;][uncode_block id=&#8221;655&#8243;][\/vc_column][\/vc_row]<\/p>\n","protected":false},"excerpt":{"rendered":"<p>[vc_row row_height_percent=&#8221;35&#8243; override_padding=&#8221;yes&#8221; h_padding=&#8221;0&#8243; top_padding=&#8221;2&#8243; bottom_padding=&#8221;0&#8243; back_image=&#8221;386&#8243; back_position=&#8221;center center&#8221; overlay_alpha=&#8221;50&#8243; gutter_size=&#8221;3&#8243; column_width_percent=&#8221;100&#8243; shift_y=&#8221;0&#8243; z_index=&#8221;0&#8243; el_class=&#8221;ancho-tit-pag pag-int&#8221; row_height_pixel=&#8221;500&#8243;][vc_column column_width_percent=&#8221;60&#8243; position_horizontal=&#8221;left&#8221; position_vertical=&#8221;bottom&#8221; [&hellip;]<\/p>\n","protected":false},"author":1,"featured_media":0,"parent":0,"menu_order":5,"comment_status":"closed","ping_status":"closed","template":"","meta":[],"_links":{"self":[{"href":"https:\/\/centergranvia.com\/en\/wp-json\/wp\/v2\/pages\/675"}],"collection":[{"href":"https:\/\/centergranvia.com\/en\/wp-json\/wp\/v2\/pages"}],"about":[{"href":"https:\/\/centergranvia.com\/en\/wp-json\/wp\/v2\/types\/page"}],"author":[{"embeddable":true,"href":"https:\/\/centergranvia.com\/en\/wp-json\/wp\/v2\/users\/1"}],"replies":[{"embeddable":true,"href":"https:\/\/centergranvia.com\/en\/wp-json\/wp\/v2\/comments?post=675"}],"version-history":[{"count":0,"href":"https:\/\/centergranvia.com\/en\/wp-json\/wp\/v2\/pages\/675\/revisions"}],"wp:attachment":[{"href":"https:\/\/centergranvia.com\/en\/wp-json\/wp\/v2\/media?parent=675"}],"curies":[{"name":"wp","href":"https:\/\/api.w.org\/{rel}","templated":true}]}}